{"id":2407,"date":"2025-10-24T09:55:09","date_gmt":"2025-10-24T07:55:09","guid":{"rendered":"https:\/\/snvsolutions.ch\/?page_id=2407"},"modified":"2025-11-07T11:26:12","modified_gmt":"2025-11-07T10:26:12","slug":"unsubscribe","status":"publish","type":"page","link":"https:\/\/snvsolutions.ch\/en\/unsubscribe\/","title":{"rendered":"Unsubscribe"},"content":{"rendered":"\t\t<div data-elementor-type=\"wp-page\" data-elementor-id=\"2407\" class=\"elementor elementor-2407\">\n\t\t\t\t<div class=\"elementor-element elementor-element-4fee14b e-flex e-con-boxed e-con e-parent\" data-id=\"4fee14b\" data-element_type=\"container\" data-e-type=\"container\" data-settings=\"{&quot;background_background&quot;:&quot;classic&quot;}\">\n\t\t\t\t\t<div class=\"e-con-inner\">\n\t\t<div class=\"elementor-element elementor-element-53dda9b e-con-full e-flex e-con e-child\" data-id=\"53dda9b\" data-element_type=\"container\" data-e-type=\"container\">\n\t\t\t\t<\/div>\n\t\t<div class=\"elementor-element elementor-element-d238e79 e-con-full e-flex e-con e-child\" data-id=\"d238e79\" data-element_type=\"container\" data-e-type=\"container\" data-settings=\"{&quot;background_background&quot;:&quot;classic&quot;}\">\n\t\t\t\t<div class=\"elementor-element elementor-element-b692f0c elementor-widget elementor-widget-heading\" data-id=\"b692f0c\" data-element_type=\"widget\" data-e-type=\"widget\" data-widget_type=\"heading.default\">\n\t\t\t\t<div class=\"elementor-widget-container\">\n\t\t\t\t\t<h2 class=\"elementor-heading-title elementor-size-default\">Let\u2019s communicate better!<\/h2>\t\t\t\t<\/div>\n\t\t\t\t<\/div>\n\t\t\t\t<div class=\"elementor-element elementor-element-23264d0 elementor-widget elementor-widget-heading\" data-id=\"23264d0\" data-element_type=\"widget\" data-e-type=\"widget\" data-widget_type=\"heading.default\">\n\t\t\t\t<div class=\"elementor-widget-container\">\n\t\t\t\t\t<h3 class=\"elementor-heading-title elementor-size-default\">Tell us what YOU want to keep hearing about.<\/h3>\t\t\t\t<\/div>\n\t\t\t\t<\/div>\n\t\t\t\t<\/div>\n\t\t\t\t\t<\/div>\n\t\t\t\t<\/div>\n\t\t<div class=\"elementor-element elementor-element-a8d19ce e-flex e-con-boxed e-con e-parent\" data-id=\"a8d19ce\" data-element_type=\"container\" data-e-type=\"container\" data-settings=\"{&quot;background_background&quot;:&quot;classic&quot;}\">\n\t\t\t\t\t<div class=\"e-con-inner\">\n\t\t\t\t<div class=\"elementor-element elementor-element-47d2599 elementor-widget elementor-widget-shortcode\" data-id=\"47d2599\" data-element_type=\"widget\" data-e-type=\"widget\" data-widget_type=\"shortcode.default\">\n\t\t\t\t<div class=\"elementor-widget-container\">\n\t\t\t\t\t\t\t<div class=\"elementor-shortcode\"><style id=\"wpforms-css-vars-2411\">\n\t\t\t\t#wpforms-2411 {\n\t\t\t\t--wpforms-field-border-color: rgba(0, 0, 0, 0.25);\n--wpforms-field-border-color-spare: rgba(0, 0, 0, 0.25);\n--wpforms-field-text-color: rgba(0, 0, 0, 0.7);\n--wpforms-label-color: rgba(0, 0, 0, 0.85);\n--wpforms-label-sublabel-color: rgba(0, 0, 0, 0.55);\n--wpforms-button-background-color: #FFB400;\n--wpforms-button-text-color: #4a4a4a;\n--wpforms-field-size-input-height: 43px;\n--wpforms-field-size-input-spacing: 15px;\n--wpforms-field-size-font-size: 16px;\n--wpforms-field-size-line-height: 19px;\n--wpforms-field-size-padding-h: 14px;\n--wpforms-field-size-checkbox-size: 16px;\n--wpforms-field-size-sublabel-spacing: 5px;\n--wpforms-field-size-icon-size: 1;\n--wpforms-label-size-font-size: 16px;\n--wpforms-label-size-line-height: 19px;\n--wpforms-label-size-sublabel-font-size: 14px;\n--wpforms-label-size-sublabel-line-height: 17px;\n--wpforms-button-size-font-size: 17px;\n--wpforms-button-size-height: 41px;\n--wpforms-button-size-padding-h: 15px;\n--wpforms-button-size-margin-top: 10px;\n--wpforms-container-shadow-size-box-shadow: none;\n\t\t\t}\n\t\t\t<\/style><div class=\"wpforms-container wpforms-container-full wpforms-render-modern\" id=\"wpforms-2411\"><form id=\"wpforms-form-2411\" class=\"wpforms-validate wpforms-form wpforms-ajax-form\" data-formid=\"2411\" method=\"post\" enctype=\"multipart\/form-data\" action=\"\/en\/wp-json\/wp\/v2\/pages\/2407\" data-token=\"d94707cbe8ec0c353498c77fb1270580\" data-token-time=\"1775371817\"><noscript class=\"wpforms-error-noscript\">Please enable JavaScript in your browser to complete this form.<\/noscript><div id=\"wpforms-error-noscript\" style=\"display: none;\">Please enable JavaScript in your browser to complete this form.<\/div><div class=\"wpforms-field-container\"><div id=\"wpforms-2411-field_2-container\" class=\"wpforms-field wpforms-field-radio\" data-field-id=\"2\"><fieldset><legend class=\"wpforms-field-label\">Continue hearing about:<\/legend><ul id=\"wpforms-2411-field_2\"><li class=\"choice-1 depth-1\"><input type=\"radio\" id=\"wpforms-2411-field_2_1\" name=\"wpforms[fields][2]\" value=\"Unsere besten Lerninhalte | Nos meilleurs contenus \u00e9ducatifs | I nostri migliori contenuti didattici | Our very best educational content\" aria-errormessage=\"wpforms-2411-field_2_1-error\"  ><label class=\"wpforms-field-label-inline\" for=\"wpforms-2411-field_2_1\">Unsere besten Lerninhalte | Nos meilleurs contenus \u00e9ducatifs | I nostri migliori contenuti didattici | Our very best educational content<\/label><\/li><li class=\"choice-2 depth-1\"><input type=\"radio\" id=\"wpforms-2411-field_2_2\" name=\"wpforms[fields][2]\" value=\"Unsere neuesten Produktneuigkeiten und Updates | Nos derni\u00e8res actualit\u00e9s et mises \u00e0 jour produits | Le nostre ultime novit\u00e0 e aggiornamenti sui prodotti | Our latest product news and updates\" aria-errormessage=\"wpforms-2411-field_2_2-error\"  ><label class=\"wpforms-field-label-inline\" for=\"wpforms-2411-field_2_2\">Unsere neuesten Produktneuigkeiten und Updates | Nos derni\u00e8res actualit\u00e9s et mises \u00e0 jour produits | Le nostre ultime novit\u00e0 e aggiornamenti sui prodotti | Our latest product news and updates<\/label><\/li><li class=\"choice-3 depth-1\"><input type=\"radio\" id=\"wpforms-2411-field_2_3\" name=\"wpforms[fields][2]\" value=\"Unsere bevorstehenden Veranstaltungen, die auf Sie zugeschnitten sind | Nos prochains \u00e9v\u00e9nements con\u00e7us sp\u00e9cialement pour vous | I nostri prossimi eventi pensati apposta per te | Our upcoming events geared toward you\" aria-errormessage=\"wpforms-2411-field_2_3-error\"  ><label class=\"wpforms-field-label-inline\" for=\"wpforms-2411-field_2_3\">Unsere bevorstehenden Veranstaltungen, die auf Sie zugeschnitten sind | Nos prochains \u00e9v\u00e9nements con\u00e7us sp\u00e9cialement pour vous | I nostri prossimi eventi pensati apposta per te | Our upcoming events geared toward you<\/label><\/li><li class=\"choice-4 depth-1\"><input type=\"radio\" id=\"wpforms-2411-field_2_4\" name=\"wpforms[fields][2]\" value=\"Oder erhalten Sie nur eine E-Mail pro Monat | Ou recevez seulement un e-mail par mois | Oppure ricevi solo un&#039;e-mail al mese | Or receive just one email per month\" aria-errormessage=\"wpforms-2411-field_2_4-error\"  ><label class=\"wpforms-field-label-inline\" for=\"wpforms-2411-field_2_4\">Oder erhalten Sie nur eine E-Mail pro Monat | Ou recevez seulement un e-mail par mois | Oppure ricevi solo un'e-mail al mese | Or receive just one email per month<\/label><\/li><\/ul><\/fieldset><\/div>\t\t<div id=\"wpforms-2411-field_1-container\"\n\t\t\tclass=\"wpforms-field wpforms-field-text\"\n\t\t\tdata-field-type=\"text\"\n\t\t\tdata-field-id=\"1\"\n\t\t\t>\n\t\t\t<label class=\"wpforms-field-label\" for=\"wpforms-2411-field_1\" >Alternatively, Continue days:<\/label>\n\t\t\t<input type=\"text\" id=\"wpforms-2411-field_1\" class=\"wpforms-field-medium\" name=\"wpforms[fields][1]\" >\n\t\t<\/div>\n\t\t<div id=\"wpforms-2411-field_6-container\" class=\"wpforms-field wpforms-field-radio\" data-field-id=\"6\"><fieldset><legend class=\"wpforms-field-label\">Alternatively, take a break from our emails \u2028for 90 days:<\/legend><ul id=\"wpforms-2411-field_6\"><li class=\"choice-1 depth-1\"><input type=\"radio\" id=\"wpforms-2411-field_6_1\" name=\"wpforms[fields][6]\" value=\"F\u00fcr 90 Tage pausieren | Mettre en pause pendant 90 jours | Metti in pausa per 90 giorni | Pause for 90 days\" aria-errormessage=\"wpforms-2411-field_6_1-error\"  ><label class=\"wpforms-field-label-inline\" for=\"wpforms-2411-field_6_1\">F\u00fcr 90 Tage pausieren | Mettre en pause pendant 90 jours | Metti in pausa per 90 giorni | Pause for 90 days<\/label><\/li><li class=\"choice-2 depth-1\"><input type=\"radio\" id=\"wpforms-2411-field_6_2\" name=\"wpforms[fields][6]\" value=\"Von allen zuk\u00fcnftigen Marketing-E-Mails abmelden | Se d\u00e9sabonner de tous les futurs e-mails marketing | Annulla l\u2019iscrizione a tutte le future e-mail di marketing | Unsubscribe from all future marketing emails\" aria-errormessage=\"wpforms-2411-field_6_2-error\"  ><label class=\"wpforms-field-label-inline\" for=\"wpforms-2411-field_6_2\">Von allen zuk\u00fcnftigen Marketing-E-Mails abmelden | Se d\u00e9sabonner de tous les futurs e-mails marketing | Annulla l\u2019iscrizione a tutte le future e-mail di marketing | Unsubscribe from all future marketing emails<\/label><\/li><\/ul><\/fieldset><\/div><div id=\"wpforms-2411-field_5-container\" class=\"wpforms-field wpforms-field-email wpforms-one-half\" data-field-id=\"5\"><label class=\"wpforms-field-label wpforms-label-hide\" for=\"wpforms-2411-field_5\" aria-hidden=\"false\">Email <span class=\"wpforms-required-label\" aria-hidden=\"true\">*<\/span><\/label><input type=\"email\" id=\"wpforms-2411-field_5\" class=\"wpforms-field-large wpforms-field-required\" name=\"wpforms[fields][5]\" placeholder=\"Email Address*\" spellcheck=\"false\" aria-errormessage=\"wpforms-2411-field_5-error\" required><\/div><script>\n\t\t\t\t( function() {\n\t\t\t\t\tconst style = document.createElement( 'style' );\n\t\t\t\t\tstyle.appendChild( document.createTextNode( '#wpforms-2411-field_1-container { position: absolute !important; overflow: hidden !important; display: inline !important; height: 1px !important; width: 1px !important; z-index: -1000 !important; padding: 0 !important; } #wpforms-2411-field_1-container input { visibility: hidden; } #wpforms-conversational-form-page #wpforms-2411-field_1-container label { counter-increment: none; }' ) );\n\t\t\t\t\tdocument.head.appendChild( style );\n\t\t\t\t\tdocument.currentScript?.remove();\n\t\t\t\t} )();\n\t\t\t<\/script><\/div><!-- .wpforms-field-container --><div class=\"wpforms-submit-container\" ><input type=\"hidden\" name=\"wpforms[id]\" value=\"2411\"><input type=\"hidden\" name=\"page_title\" value=\"\"><input type=\"hidden\" name=\"page_url\" value=\"https:\/\/snvsolutions.ch\/en\/wp-json\/wp\/v2\/pages\/2407\"><input type=\"hidden\" name=\"url_referer\" value=\"\"><button type=\"submit\" name=\"wpforms[submit]\" id=\"wpforms-submit-2411\" class=\"wpforms-submit\" data-alt-text=\"Sending...\" data-submit-text=\"Save changes\" aria-live=\"assertive\" value=\"wpforms-submit\">Save changes<\/button><img decoding=\"async\" src=\"https:\/\/snvsolutions.ch\/wp-content\/plugins\/wpforms\/assets\/images\/submit-spin.svg\" class=\"wpforms-submit-spinner\" style=\"display: none;\" width=\"26\" height=\"26\" alt=\"Loading\"><\/div><\/form><\/div>  <!-- .wpforms-container --><\/div>\n\t\t\t\t\t\t<\/div>\n\t\t\t\t<\/div>\n\t\t\t\t\t<\/div>\n\t\t\t\t<\/div>\n\t\t<div class=\"elementor-element elementor-element-5bac2ae e-flex e-con-boxed e-con e-parent\" data-id=\"5bac2ae\" data-element_type=\"container\" data-e-type=\"container\">\n\t\t\t\t\t<div class=\"e-con-inner\">\n\t\t\t\t<div class=\"elementor-element elementor-element-7fc0e49 elementor-align-right elementor-mobile-align-right elementor-widget elementor-widget-button\" data-id=\"7fc0e49\" data-element_type=\"widget\" data-e-type=\"widget\" data-widget_type=\"button.default\">\n\t\t\t\t<div class=\"elementor-widget-container\">\n\t\t\t\t\t\t\t\t\t<div class=\"elementor-button-wrapper\">\n\t\t\t\t\t<a class=\"elementor-button elementor-button-link elementor-size-sm elementor-animation-grow\" href=\"https:\/\/snvsolutions.ch\/en\/for-businesses-and-private-individuals\/\">\n\t\t\t\t\t\t<span class=\"elementor-button-content-wrapper\">\n\t\t\t\t\t\t<span class=\"elementor-button-icon\">\n\t\t\t\t<svg aria-hidden=\"true\" class=\"e-font-icon-svg e-fas-arrow-right\" viewBox=\"0 0 448 512\" xmlns=\"http:\/\/www.w3.org\/2000\/svg\"><path d=\"M190.5 66.9l22.2-22.2c9.4-9.4 24.6-9.4 33.9 0L441 239c9.4 9.4 9.4 24.6 0 33.9L246.6 467.3c-9.4 9.4-24.6 9.4-33.9 0l-22.2-22.2c-9.5-9.5-9.3-25 .4-34.3L311.4 296H24c-13.3 0-24-10.7-24-24v-32c0-13.3 10.7-24 24-24h287.4L190.9 101.2c-9.8-9.3-10-24.8-.4-34.3z\"><\/path><\/svg>\t\t\t<\/span>\n\t\t\t\t\t\t\t\t\t<span class=\"elementor-button-text\">Home<\/span>\n\t\t\t\t\t<\/span>\n\t\t\t\t\t<\/a>\n\t\t\t\t<\/div>\n\t\t\t\t\t\t\t\t<\/div>\n\t\t\t\t<\/div>\n\t\t\t\t\t<\/div>\n\t\t\t\t<\/div>\n\t\t\t\t<\/div>\n\t\t","protected":false},"excerpt":{"rendered":"<p>Let\u2019s communicate better! Tell us what YOU want to keep hearing about. Startseite<\/p>\n","protected":false},"author":1,"featured_media":0,"parent":0,"menu_order":0,"comment_status":"closed","ping_status":"closed","template":"","meta":{"site-sidebar-layout":"no-sidebar","site-content-layout":"","ast-site-content-layout":"full-width-container","site-content-style":"default","site-sidebar-style":"default","ast-global-header-display":"","ast-banner-title-visibility":"","ast-main-header-display":"","ast-hfb-above-header-display":"","ast-hfb-below-header-display":"","ast-hfb-mobile-header-display":"","site-post-title":"disabled","ast-breadcrumbs-content":"","ast-featured-img":"disabled","footer-sml-layout":"","ast-disable-related-posts":"","theme-transparent-header-meta":"","adv-header-id-meta":"","stick-header-meta":"","header-above-stick-meta":"","header-main-stick-meta":"","header-below-stick-meta":"","astra-migrate-meta-layouts":"default","ast-page-background-enabled":"default","ast-page-background-meta":{"desktop":{"background-color":"var(--ast-global-color-5)","background-image":"","background-repeat":"repeat","background-position":"center center","background-size":"auto","background-attachment":"scroll","background-type":"","background-media":"","overlay-type":"","overlay-color":"","overlay-opacity":"","overlay-gradient":""},"tablet":{"background-color":"","background-image":"","background-repeat":"repeat","background-position":"center center","background-size":"auto","background-attachment":"scroll","background-type":"","background-media":"","overlay-type":"","overlay-color":"","overlay-opacity":"","overlay-gradient":""},"mobile":{"background-color":"","background-image":"","background-repeat":"repeat","background-position":"center center","background-size":"auto","background-attachment":"scroll","background-type":"","background-media":"","overlay-type":"","overlay-color":"","overlay-opacity":"","overlay-gradient":""}},"ast-content-background-meta":{"desktop":{"background-color":"var(--ast-global-color-4)","background-image":"","background-repeat":"repeat","background-position":"center center","background-size":"auto","background-attachment":"scroll","background-type":"","background-media":"","overlay-type":"","overlay-color":"","overlay-opacity":"","overlay-gradient":""},"tablet":{"background-color":"var(--ast-global-color-4)","background-image":"","background-repeat":"repeat","background-position":"center center","background-size":"auto","background-attachment":"scroll","background-type":"","background-media":"","overlay-type":"","overlay-color":"","overlay-opacity":"","overlay-gradient":""},"mobile":{"background-color":"var(--ast-global-color-4)","background-image":"","background-repeat":"repeat","background-position":"center center","background-size":"auto","background-attachment":"scroll","background-type":"","background-media":"","overlay-type":"","overlay-color":"","overlay-opacity":"","overlay-gradient":""}},"footnotes":""},"class_list":["post-2407","page","type-page","status-publish","hentry"],"_links":{"self":[{"href":"https:\/\/snvsolutions.ch\/en\/wp-json\/wp\/v2\/pages\/2407","targetHints":{"allow":["GET"]}}],"collection":[{"href":"https:\/\/snvsolutions.ch\/en\/wp-json\/wp\/v2\/pages"}],"about":[{"href":"https:\/\/snvsolutions.ch\/en\/wp-json\/wp\/v2\/types\/page"}],"author":[{"embeddable":true,"href":"https:\/\/snvsolutions.ch\/en\/wp-json\/wp\/v2\/users\/1"}],"replies":[{"embeddable":true,"href":"https:\/\/snvsolutions.ch\/en\/wp-json\/wp\/v2\/comments?post=2407"}],"version-history":[{"count":44,"href":"https:\/\/snvsolutions.ch\/en\/wp-json\/wp\/v2\/pages\/2407\/revisions"}],"predecessor-version":[{"id":3869,"href":"https:\/\/snvsolutions.ch\/en\/wp-json\/wp\/v2\/pages\/2407\/revisions\/3869"}],"wp:attachment":[{"href":"https:\/\/snvsolutions.ch\/en\/wp-json\/wp\/v2\/media?parent=2407"}],"curies":[{"name":"wp","href":"https:\/\/api.w.org\/{rel}","templated":true}]}}