{"id":3888,"date":"2025-11-20T10:26:09","date_gmt":"2025-11-20T09:26:09","guid":{"rendered":"https:\/\/snvsolutions.ch\/?page_id=3888"},"modified":"2026-02-08T14:28:52","modified_gmt":"2026-02-08T13:28:52","slug":"services","status":"publish","type":"page","link":"https:\/\/snvsolutions.ch\/de\/services\/","title":{"rendered":"Services UNIQUE"},"content":{"rendered":"\t\t<div data-elementor-type=\"wp-page\" data-elementor-id=\"3888\" class=\"elementor elementor-3888\">\n\t\t\t\t<div class=\"elementor-element elementor-element-02c2ebb e-flex e-con-boxed e-con e-parent\" data-id=\"02c2ebb\" data-element_type=\"container\" data-e-type=\"container\" data-settings=\"{&quot;background_background&quot;:&quot;classic&quot;}\">\n\t\t\t\t\t<div class=\"e-con-inner\">\n\t\t\t\t<div class=\"elementor-element elementor-element-a350c60 elementor-widget elementor-widget-heading\" data-id=\"a350c60\" data-element_type=\"widget\" data-e-type=\"widget\" data-widget_type=\"heading.default\">\n\t\t\t\t<div class=\"elementor-widget-container\">\n\t\t\t\t\t<h2 class=\"elementor-heading-title elementor-size-default\">Dienstleistungen<\/h2>\t\t\t\t<\/div>\n\t\t\t\t<\/div>\n\t\t\t\t\t<\/div>\n\t\t\t\t<\/div>\n\t\t<div class=\"elementor-element elementor-element-fce6fe7 e-flex e-con-boxed e-con e-parent\" data-id=\"fce6fe7\" data-element_type=\"container\" data-e-type=\"container\" data-settings=\"{&quot;background_background&quot;:&quot;classic&quot;}\">\n\t\t\t\t\t<div class=\"e-con-inner\">\n\t\t<div class=\"elementor-element elementor-element-fcc5193 e-con-full e-flex e-con e-child\" data-id=\"fcc5193\" data-element_type=\"container\" data-e-type=\"container\">\n\t\t\t\t<div class=\"elementor-element elementor-element-5d61e45 elementor-widget elementor-widget-heading\" data-id=\"5d61e45\" data-element_type=\"widget\" data-e-type=\"widget\" data-widget_type=\"heading.default\">\n\t\t\t\t<div class=\"elementor-widget-container\">\n\t\t\t\t\t<h2 class=\"elementor-heading-title elementor-size-default\">Steuerberatung Privatpersonen<\/h2>\t\t\t\t<\/div>\n\t\t\t\t<\/div>\n\t\t\t\t<div class=\"elementor-element elementor-element-d5175f0 elementor-widget elementor-widget-text-editor\" data-id=\"d5175f0\" data-element_type=\"widget\" data-e-type=\"widget\" data-widget_type=\"text-editor.default\">\n\t\t\t\t<div class=\"elementor-widget-container\">\n\t\t\t\t\t\t\t\t\t<p>Die Vielfalt der schweizerischen Steuerrechtsgestaltung erfordert ein umfassendes Wissen in der Besteuerung von Privatpersonen. Mit unseren kompetenten Fachpersonen unterst\u00fctzen wir Sie in allen Belangen Ihrer Steueroptimierung.<\/p>\t\t\t\t\t\t\t\t<\/div>\n\t\t\t\t<\/div>\n\t\t\t\t<div class=\"elementor-element elementor-element-c8af6fd elementor-align-left elementor-widget elementor-widget-button\" data-id=\"c8af6fd\" data-element_type=\"widget\" data-e-type=\"widget\" data-widget_type=\"button.default\">\n\t\t\t\t<div class=\"elementor-widget-container\">\n\t\t\t\t\t\t\t\t\t<div class=\"elementor-button-wrapper\">\n\t\t\t\t\t<a class=\"elementor-button elementor-button-link elementor-size-sm\" href=\"https:\/\/snvsolutions.ch\/privatpersonen\/\">\n\t\t\t\t\t\t<span class=\"elementor-button-content-wrapper\">\n\t\t\t\t\t\t\t\t\t<span class=\"elementor-button-text\">Mehr erfahren<\/span>\n\t\t\t\t\t<\/span>\n\t\t\t\t\t<\/a>\n\t\t\t\t<\/div>\n\t\t\t\t\t\t\t\t<\/div>\n\t\t\t\t<\/div>\n\t\t\t\t<\/div>\n\t\t<div class=\"elementor-element elementor-element-92e3958 e-con-full e-flex e-con e-child\" data-id=\"92e3958\" data-element_type=\"container\" data-e-type=\"container\">\n\t\t\t\t<div class=\"elementor-element elementor-element-4b76485 elementor-widget elementor-widget-image\" data-id=\"4b76485\" data-element_type=\"widget\" data-e-type=\"widget\" data-widget_type=\"image.default\">\n\t\t\t\t<div class=\"elementor-widget-container\">\n\t\t\t\t\t\t\t\t\t\t\t\t\t\t\t<img fetchpriority=\"high\" decoding=\"async\" width=\"1024\" height=\"673\" src=\"https:\/\/snvsolutions.ch\/wp-content\/uploads\/2025\/10\/Steuerberatung-Privatpersonen1-1024x673.jpg\" class=\"attachment-large size-large wp-image-2181\" alt=\"\" srcset=\"https:\/\/snvsolutions.ch\/wp-content\/uploads\/2025\/10\/Steuerberatung-Privatpersonen1-1024x673.jpg 1024w, https:\/\/snvsolutions.ch\/wp-content\/uploads\/2025\/10\/Steuerberatung-Privatpersonen1-600x394.jpg 600w, https:\/\/snvsolutions.ch\/wp-content\/uploads\/2025\/10\/Steuerberatung-Privatpersonen1-300x197.jpg 300w, https:\/\/snvsolutions.ch\/wp-content\/uploads\/2025\/10\/Steuerberatung-Privatpersonen1-768x505.jpg 768w, https:\/\/snvsolutions.ch\/wp-content\/uploads\/2025\/10\/Steuerberatung-Privatpersonen1-1536x1009.jpg 1536w, https:\/\/snvsolutions.ch\/wp-content\/uploads\/2025\/10\/Steuerberatung-Privatpersonen1.jpg 1709w\" sizes=\"(max-width: 1024px) 100vw, 1024px\" \/>\t\t\t\t\t\t\t\t\t\t\t\t\t\t\t<\/div>\n\t\t\t\t<\/div>\n\t\t\t\t<\/div>\n\t\t\t\t\t<\/div>\n\t\t\t\t<\/div>\n\t\t<div class=\"elementor-element elementor-element-a2b3fdd e-flex e-con-boxed e-con e-parent\" data-id=\"a2b3fdd\" data-element_type=\"container\" data-e-type=\"container\" data-settings=\"{&quot;background_background&quot;:&quot;classic&quot;}\">\n\t\t\t\t\t<div class=\"e-con-inner\">\n\t\t<div class=\"elementor-element elementor-element-c9e4a06 e-con-full e-flex e-con e-child\" data-id=\"c9e4a06\" data-element_type=\"container\" data-e-type=\"container\">\n\t\t\t\t<div class=\"elementor-element elementor-element-1ff6f6d elementor-widget elementor-widget-image\" data-id=\"1ff6f6d\" data-element_type=\"widget\" data-e-type=\"widget\" data-widget_type=\"image.default\">\n\t\t\t\t<div class=\"elementor-widget-container\">\n\t\t\t\t\t\t\t\t\t\t\t\t\t\t\t<img decoding=\"async\" width=\"1024\" height=\"1024\" src=\"https:\/\/snvsolutions.ch\/wp-content\/uploads\/2025\/11\/Geschaftsadresse-1024x1024.webp\" class=\"attachment-large size-large wp-image-3897\" alt=\"\" srcset=\"https:\/\/snvsolutions.ch\/wp-content\/uploads\/2025\/11\/Geschaftsadresse-1024x1024.webp 1024w, https:\/\/snvsolutions.ch\/wp-content\/uploads\/2025\/11\/Geschaftsadresse-300x300.webp 300w, https:\/\/snvsolutions.ch\/wp-content\/uploads\/2025\/11\/Geschaftsadresse-100x100.webp 100w, https:\/\/snvsolutions.ch\/wp-content\/uploads\/2025\/11\/Geschaftsadresse-600x600.webp 600w, https:\/\/snvsolutions.ch\/wp-content\/uploads\/2025\/11\/Geschaftsadresse-150x150.webp 150w, https:\/\/snvsolutions.ch\/wp-content\/uploads\/2025\/11\/Geschaftsadresse-768x768.webp 768w, https:\/\/snvsolutions.ch\/wp-content\/uploads\/2025\/11\/Geschaftsadresse-1536x1536.webp 1536w, https:\/\/snvsolutions.ch\/wp-content\/uploads\/2025\/11\/Geschaftsadresse.webp 1920w\" sizes=\"(max-width: 1024px) 100vw, 1024px\" \/>\t\t\t\t\t\t\t\t\t\t\t\t\t\t\t<\/div>\n\t\t\t\t<\/div>\n\t\t\t\t<\/div>\n\t\t<div class=\"elementor-element elementor-element-35e7c15 e-con-full e-flex e-con e-child\" data-id=\"35e7c15\" data-element_type=\"container\" data-e-type=\"container\">\n\t\t\t\t<div class=\"elementor-element elementor-element-cd9cd7b elementor-widget elementor-widget-heading\" data-id=\"cd9cd7b\" data-element_type=\"widget\" data-e-type=\"widget\" data-widget_type=\"heading.default\">\n\t\t\t\t<div class=\"elementor-widget-container\">\n\t\t\t\t\t<h2 class=\"elementor-heading-title elementor-size-default\">Gesch\u00e4ftsadresse in der Schweiz<\/h2>\t\t\t\t<\/div>\n\t\t\t\t<\/div>\n\t\t\t\t<div class=\"elementor-element elementor-element-44dee08 elementor-widget elementor-widget-text-editor\" data-id=\"44dee08\" data-element_type=\"widget\" data-e-type=\"widget\" data-widget_type=\"text-editor.default\">\n\t\t\t\t<div class=\"elementor-widget-container\">\n\t\t\t\t\t\t\t\t\t<p>Ben\u00f6tigen Sie f\u00fcr Ihr Unternehmen eine offizielle Schweizer Gesch\u00e4ftsadresse in Z\u00fcrich?<br data-start=\"400\" data-end=\"403\" \/>Eine repr\u00e4sentative Domiziladresse, unter der Ihr Unternehmen jederzeit erreichbar ist \u2013 auch wenn Sie selbst nicht vor Ort sind?<\/p>\t\t\t\t\t\t\t\t<\/div>\n\t\t\t\t<\/div>\n\t\t\t\t<div class=\"elementor-element elementor-element-367a4d7 elementor-align-right elementor-widget elementor-widget-button\" data-id=\"367a4d7\" data-element_type=\"widget\" data-e-type=\"widget\" data-widget_type=\"button.default\">\n\t\t\t\t<div class=\"elementor-widget-container\">\n\t\t\t\t\t\t\t\t\t<div class=\"elementor-button-wrapper\">\n\t\t\t\t\t<a class=\"elementor-button elementor-button-link elementor-size-sm\" href=\"https:\/\/snvsolutions.ch\/geschaeftsadresse\/\">\n\t\t\t\t\t\t<span class=\"elementor-button-content-wrapper\">\n\t\t\t\t\t\t\t\t\t<span class=\"elementor-button-text\">Mehr erfahren<\/span>\n\t\t\t\t\t<\/span>\n\t\t\t\t\t<\/a>\n\t\t\t\t<\/div>\n\t\t\t\t\t\t\t\t<\/div>\n\t\t\t\t<\/div>\n\t\t\t\t<\/div>\n\t\t\t\t\t<\/div>\n\t\t\t\t<\/div>\n\t\t<div class=\"elementor-element elementor-element-51d43c4 e-flex e-con-boxed e-con e-parent\" data-id=\"51d43c4\" data-element_type=\"container\" data-e-type=\"container\" data-settings=\"{&quot;background_background&quot;:&quot;classic&quot;}\">\n\t\t\t\t\t<div class=\"e-con-inner\">\n\t\t<div class=\"elementor-element elementor-element-3e7b8f0 e-con-full e-flex e-con e-child\" data-id=\"3e7b8f0\" data-element_type=\"container\" data-e-type=\"container\">\n\t\t\t\t<div class=\"elementor-element elementor-element-7fc5e62 elementor-widget elementor-widget-heading\" data-id=\"7fc5e62\" data-element_type=\"widget\" data-e-type=\"widget\" data-widget_type=\"heading.default\">\n\t\t\t\t<div class=\"elementor-widget-container\">\n\t\t\t\t\t<h2 class=\"elementor-heading-title elementor-size-default\">Start-ups, Unternehmens\u00adgr\u00fcndung<\/h2>\t\t\t\t<\/div>\n\t\t\t\t<\/div>\n\t\t\t\t<div class=\"elementor-element elementor-element-ba5a09f elementor-widget elementor-widget-text-editor\" data-id=\"ba5a09f\" data-element_type=\"widget\" data-e-type=\"widget\" data-widget_type=\"text-editor.default\">\n\t\t\t\t<div class=\"elementor-widget-container\">\n\t\t\t\t\t\t\t\t\t<p>Mit den notwendigen sowie fundierten Kenntnissen zeigen wir Ihnen auf, wie die Finanzierung Ihrer angestrebten Selbst\u00e4ndigkeit optimal organisiert und umgesetzt werden kann.<\/p>\t\t\t\t\t\t\t\t<\/div>\n\t\t\t\t<\/div>\n\t\t\t\t<div class=\"elementor-element elementor-element-5978633 elementor-align-left elementor-widget elementor-widget-button\" data-id=\"5978633\" data-element_type=\"widget\" data-e-type=\"widget\" data-widget_type=\"button.default\">\n\t\t\t\t<div class=\"elementor-widget-container\">\n\t\t\t\t\t\t\t\t\t<div class=\"elementor-button-wrapper\">\n\t\t\t\t\t<a class=\"elementor-button elementor-button-link elementor-size-sm\" href=\"https:\/\/snvsolutions.ch\/firmengrundung\/\">\n\t\t\t\t\t\t<span class=\"elementor-button-content-wrapper\">\n\t\t\t\t\t\t\t\t\t<span class=\"elementor-button-text\">Mehr erfahren<\/span>\n\t\t\t\t\t<\/span>\n\t\t\t\t\t<\/a>\n\t\t\t\t<\/div>\n\t\t\t\t\t\t\t\t<\/div>\n\t\t\t\t<\/div>\n\t\t\t\t<\/div>\n\t\t<div class=\"elementor-element elementor-element-50efeb6 e-con-full e-flex e-con e-child\" data-id=\"50efeb6\" data-element_type=\"container\" data-e-type=\"container\">\n\t\t\t\t<div class=\"elementor-element elementor-element-daac4fa elementor-widget elementor-widget-image\" data-id=\"daac4fa\" data-element_type=\"widget\" data-e-type=\"widget\" data-widget_type=\"image.default\">\n\t\t\t\t<div class=\"elementor-widget-container\">\n\t\t\t\t\t\t\t\t\t\t\t\t\t\t\t<img decoding=\"async\" width=\"1024\" height=\"512\" src=\"https:\/\/snvsolutions.ch\/wp-content\/uploads\/2025\/10\/Startup-2160-x-1080-px-1024x512.png\" class=\"attachment-large size-large wp-image-2185\" alt=\"\" srcset=\"https:\/\/snvsolutions.ch\/wp-content\/uploads\/2025\/10\/Startup-2160-x-1080-px-1024x512.png 1024w, https:\/\/snvsolutions.ch\/wp-content\/uploads\/2025\/10\/Startup-2160-x-1080-px-600x300.png 600w, https:\/\/snvsolutions.ch\/wp-content\/uploads\/2025\/10\/Startup-2160-x-1080-px-300x150.png 300w, https:\/\/snvsolutions.ch\/wp-content\/uploads\/2025\/10\/Startup-2160-x-1080-px-768x384.png 768w, https:\/\/snvsolutions.ch\/wp-content\/uploads\/2025\/10\/Startup-2160-x-1080-px-1536x768.png 1536w, https:\/\/snvsolutions.ch\/wp-content\/uploads\/2025\/10\/Startup-2160-x-1080-px-2048x1024.png 2048w\" sizes=\"(max-width: 1024px) 100vw, 1024px\" \/>\t\t\t\t\t\t\t\t\t\t\t\t\t\t\t<\/div>\n\t\t\t\t<\/div>\n\t\t\t\t<\/div>\n\t\t\t\t\t<\/div>\n\t\t\t\t<\/div>\n\t\t<div class=\"elementor-element elementor-element-d113882 e-flex e-con-boxed e-con e-parent\" data-id=\"d113882\" data-element_type=\"container\" data-e-type=\"container\" data-settings=\"{&quot;background_background&quot;:&quot;classic&quot;}\">\n\t\t\t\t\t<div class=\"e-con-inner\">\n\t\t<div class=\"elementor-element elementor-element-78fa950 e-con-full e-flex e-con e-child\" data-id=\"78fa950\" data-element_type=\"container\" data-e-type=\"container\">\n\t\t\t\t<div class=\"elementor-element elementor-element-3165093 elementor-widget elementor-widget-image\" data-id=\"3165093\" data-element_type=\"widget\" data-e-type=\"widget\" data-widget_type=\"image.default\">\n\t\t\t\t<div class=\"elementor-widget-container\">\n\t\t\t\t\t\t\t\t\t\t\t\t\t\t\t<img loading=\"lazy\" decoding=\"async\" width=\"1024\" height=\"363\" src=\"https:\/\/snvsolutions.ch\/wp-content\/uploads\/2025\/10\/Buchfuehrung.jpg1_-1024x363.png\" class=\"attachment-large size-large wp-image-2211\" alt=\"\" srcset=\"https:\/\/snvsolutions.ch\/wp-content\/uploads\/2025\/10\/Buchfuehrung.jpg1_-1024x363.png 1024w, https:\/\/snvsolutions.ch\/wp-content\/uploads\/2025\/10\/Buchfuehrung.jpg1_-600x213.png 600w, https:\/\/snvsolutions.ch\/wp-content\/uploads\/2025\/10\/Buchfuehrung.jpg1_-300x106.png 300w, https:\/\/snvsolutions.ch\/wp-content\/uploads\/2025\/10\/Buchfuehrung.jpg1_-768x273.png 768w, https:\/\/snvsolutions.ch\/wp-content\/uploads\/2025\/10\/Buchfuehrung.jpg1_-1536x545.png 1536w, https:\/\/snvsolutions.ch\/wp-content\/uploads\/2025\/10\/Buchfuehrung.jpg1_.png 1550w\" sizes=\"(max-width: 1024px) 100vw, 1024px\" \/>\t\t\t\t\t\t\t\t\t\t\t\t\t\t\t<\/div>\n\t\t\t\t<\/div>\n\t\t\t\t<\/div>\n\t\t<div class=\"elementor-element elementor-element-8261219 e-con-full e-flex e-con e-child\" data-id=\"8261219\" data-element_type=\"container\" data-e-type=\"container\">\n\t\t\t\t<div class=\"elementor-element elementor-element-68008db elementor-widget elementor-widget-heading\" data-id=\"68008db\" data-element_type=\"widget\" data-e-type=\"widget\" data-widget_type=\"heading.default\">\n\t\t\t\t<div class=\"elementor-widget-container\">\n\t\t\t\t\t<h2 class=\"elementor-heading-title elementor-size-default\">Buchf\u00fchrung<\/h2>\t\t\t\t<\/div>\n\t\t\t\t<\/div>\n\t\t\t\t<div class=\"elementor-element elementor-element-3b3eefa elementor-widget elementor-widget-text-editor\" data-id=\"3b3eefa\" data-element_type=\"widget\" data-e-type=\"widget\" data-widget_type=\"text-editor.default\">\n\t\t\t\t<div class=\"elementor-widget-container\">\n\t\t\t\t\t\t\t\t\t<p>Die klassische Grundarbeit zur Visualisierung und Aufzeichnung Ihrer s\u00e4mtlichen betrieblichen Einnahmen und Ausgaben in der doppelten Buchf\u00fchrung sowie in der internen Betriebsrechnung.<\/p>\t\t\t\t\t\t\t\t<\/div>\n\t\t\t\t<\/div>\n\t\t\t\t<div class=\"elementor-element elementor-element-cdf3bd3 elementor-align-right elementor-widget elementor-widget-button\" data-id=\"cdf3bd3\" data-element_type=\"widget\" data-e-type=\"widget\" data-widget_type=\"button.default\">\n\t\t\t\t<div class=\"elementor-widget-container\">\n\t\t\t\t\t\t\t\t\t<div class=\"elementor-button-wrapper\">\n\t\t\t\t\t<a class=\"elementor-button elementor-button-link elementor-size-sm\" href=\"https:\/\/snvsolutions.ch\/buchfuehrung\/\">\n\t\t\t\t\t\t<span class=\"elementor-button-content-wrapper\">\n\t\t\t\t\t\t\t\t\t<span class=\"elementor-button-text\">Mehr erfahren<\/span>\n\t\t\t\t\t<\/span>\n\t\t\t\t\t<\/a>\n\t\t\t\t<\/div>\n\t\t\t\t\t\t\t\t<\/div>\n\t\t\t\t<\/div>\n\t\t\t\t<\/div>\n\t\t\t\t\t<\/div>\n\t\t\t\t<\/div>\n\t\t<div class=\"elementor-element elementor-element-679509b e-flex e-con-boxed e-con e-parent\" data-id=\"679509b\" data-element_type=\"container\" data-e-type=\"container\" data-settings=\"{&quot;background_background&quot;:&quot;classic&quot;}\">\n\t\t\t\t\t<div class=\"e-con-inner\">\n\t\t<div class=\"elementor-element elementor-element-87bcc58 e-con-full e-flex e-con e-child\" data-id=\"87bcc58\" data-element_type=\"container\" data-e-type=\"container\">\n\t\t\t\t<div class=\"elementor-element elementor-element-6f8f751 elementor-widget elementor-widget-heading\" data-id=\"6f8f751\" data-element_type=\"widget\" data-e-type=\"widget\" data-widget_type=\"heading.default\">\n\t\t\t\t<div class=\"elementor-widget-container\">\n\t\t\t\t\t<h2 class=\"elementor-heading-title elementor-size-default\">Lohnbuchhaltung<\/h2>\t\t\t\t<\/div>\n\t\t\t\t<\/div>\n\t\t\t\t<div class=\"elementor-element elementor-element-2e659d8 elementor-widget elementor-widget-text-editor\" data-id=\"2e659d8\" data-element_type=\"widget\" data-e-type=\"widget\" data-widget_type=\"text-editor.default\">\n\t\t\t\t<div class=\"elementor-widget-container\">\n\t\t\t\t\t\t\t\t\t<p>Die Komplexit\u00e4t der Lohnbuchhaltung, bedingt durch die Vielzahl der Arbeitsmodelle (Teilzeit, Stundenlohn, Akkord, etc.), erfordert eine \u00e4ussert kompetente Aufzeichnung in allen Bereichen der Personaladministration.<\/p>\t\t\t\t\t\t\t\t<\/div>\n\t\t\t\t<\/div>\n\t\t\t\t<div class=\"elementor-element elementor-element-08f9f09 elementor-align-left elementor-widget elementor-widget-button\" data-id=\"08f9f09\" data-element_type=\"widget\" data-e-type=\"widget\" data-widget_type=\"button.default\">\n\t\t\t\t<div class=\"elementor-widget-container\">\n\t\t\t\t\t\t\t\t\t<div class=\"elementor-button-wrapper\">\n\t\t\t\t\t<a class=\"elementor-button elementor-button-link elementor-size-sm\" href=\"https:\/\/snvsolutions.ch\/lohnbuchhaltung\/\">\n\t\t\t\t\t\t<span class=\"elementor-button-content-wrapper\">\n\t\t\t\t\t\t\t\t\t<span class=\"elementor-button-text\">Mehr erfahren<\/span>\n\t\t\t\t\t<\/span>\n\t\t\t\t\t<\/a>\n\t\t\t\t<\/div>\n\t\t\t\t\t\t\t\t<\/div>\n\t\t\t\t<\/div>\n\t\t\t\t<\/div>\n\t\t<div class=\"elementor-element elementor-element-a299350 e-con-full e-flex e-con e-child\" data-id=\"a299350\" data-element_type=\"container\" data-e-type=\"container\">\n\t\t\t\t<div class=\"elementor-element elementor-element-3101a53 elementor-widget elementor-widget-image\" data-id=\"3101a53\" data-element_type=\"widget\" data-e-type=\"widget\" data-widget_type=\"image.default\">\n\t\t\t\t<div class=\"elementor-widget-container\">\n\t\t\t\t\t\t\t\t\t\t\t\t\t\t\t<img loading=\"lazy\" decoding=\"async\" width=\"1024\" height=\"652\" src=\"https:\/\/snvsolutions.ch\/wp-content\/uploads\/2025\/10\/Lohnbuchhaltung-1024x652.webp\" class=\"attachment-large size-large wp-image-2176\" alt=\"\" srcset=\"https:\/\/snvsolutions.ch\/wp-content\/uploads\/2025\/10\/Lohnbuchhaltung-1024x652.webp 1024w, https:\/\/snvsolutions.ch\/wp-content\/uploads\/2025\/10\/Lohnbuchhaltung-600x382.webp 600w, https:\/\/snvsolutions.ch\/wp-content\/uploads\/2025\/10\/Lohnbuchhaltung-300x191.webp 300w, https:\/\/snvsolutions.ch\/wp-content\/uploads\/2025\/10\/Lohnbuchhaltung-768x489.webp 768w, https:\/\/snvsolutions.ch\/wp-content\/uploads\/2025\/10\/Lohnbuchhaltung-1536x977.webp 1536w, https:\/\/snvsolutions.ch\/wp-content\/uploads\/2025\/10\/Lohnbuchhaltung-2048x1303.webp 2048w\" sizes=\"(max-width: 1024px) 100vw, 1024px\" \/>\t\t\t\t\t\t\t\t\t\t\t\t\t\t\t<\/div>\n\t\t\t\t<\/div>\n\t\t\t\t<\/div>\n\t\t\t\t\t<\/div>\n\t\t\t\t<\/div>\n\t\t<div class=\"elementor-element elementor-element-ab7020a e-flex e-con-boxed e-con e-parent\" data-id=\"ab7020a\" data-element_type=\"container\" data-e-type=\"container\" data-settings=\"{&quot;background_background&quot;:&quot;classic&quot;}\">\n\t\t\t\t\t<div class=\"e-con-inner\">\n\t\t<div class=\"elementor-element elementor-element-a72c3ae e-con-full e-flex e-con e-child\" data-id=\"a72c3ae\" data-element_type=\"container\" data-e-type=\"container\">\n\t\t\t\t<div class=\"elementor-element elementor-element-01ae621 elementor-widget elementor-widget-image\" data-id=\"01ae621\" data-element_type=\"widget\" data-e-type=\"widget\" data-widget_type=\"image.default\">\n\t\t\t\t<div class=\"elementor-widget-container\">\n\t\t\t\t\t\t\t\t\t\t\t\t\t\t\t<img loading=\"lazy\" decoding=\"async\" width=\"1024\" height=\"373\" src=\"https:\/\/snvsolutions.ch\/wp-content\/uploads\/2025\/10\/Steuerberatung-KMU-1024x373.jpg\" class=\"attachment-large size-large wp-image-2191\" alt=\"\" srcset=\"https:\/\/snvsolutions.ch\/wp-content\/uploads\/2025\/10\/Steuerberatung-KMU-1024x373.jpg 1024w, https:\/\/snvsolutions.ch\/wp-content\/uploads\/2025\/10\/Steuerberatung-KMU-600x219.jpg 600w, https:\/\/snvsolutions.ch\/wp-content\/uploads\/2025\/10\/Steuerberatung-KMU-300x109.jpg 300w, https:\/\/snvsolutions.ch\/wp-content\/uploads\/2025\/10\/Steuerberatung-KMU-768x280.jpg 768w, https:\/\/snvsolutions.ch\/wp-content\/uploads\/2025\/10\/Steuerberatung-KMU-1536x560.jpg 1536w, https:\/\/snvsolutions.ch\/wp-content\/uploads\/2025\/10\/Steuerberatung-KMU.jpg 1920w\" sizes=\"(max-width: 1024px) 100vw, 1024px\" \/>\t\t\t\t\t\t\t\t\t\t\t\t\t\t\t<\/div>\n\t\t\t\t<\/div>\n\t\t\t\t<\/div>\n\t\t<div class=\"elementor-element elementor-element-0fc9035 e-con-full e-flex e-con e-child\" data-id=\"0fc9035\" data-element_type=\"container\" data-e-type=\"container\">\n\t\t\t\t<div class=\"elementor-element elementor-element-79902ee elementor-widget elementor-widget-heading\" data-id=\"79902ee\" data-element_type=\"widget\" data-e-type=\"widget\" data-widget_type=\"heading.default\">\n\t\t\t\t<div class=\"elementor-widget-container\">\n\t\t\t\t\t<h2 class=\"elementor-heading-title elementor-size-default\">Steuerberatung KMU<\/h2>\t\t\t\t<\/div>\n\t\t\t\t<\/div>\n\t\t\t\t<div class=\"elementor-element elementor-element-140c30c elementor-widget elementor-widget-text-editor\" data-id=\"140c30c\" data-element_type=\"widget\" data-e-type=\"widget\" data-widget_type=\"text-editor.default\">\n\t\t\t\t<div class=\"elementor-widget-container\">\n\t\t\t\t\t\t\t\t\t<p>Die Vielfalt der schweizerischen Steuerrechtsgestaltung erfordert ein umfassendes Wissen in der Unternehmensbesteuerung, unabh\u00e4ngig der Rechtsform. Mit unseren kompetenten Fachpersonen unterst\u00fctzen wir Sie in allen Belangen Ihrer Steueroptimierung.<\/p>\t\t\t\t\t\t\t\t<\/div>\n\t\t\t\t<\/div>\n\t\t\t\t<div class=\"elementor-element elementor-element-757b383 elementor-align-right elementor-widget elementor-widget-button\" data-id=\"757b383\" data-element_type=\"widget\" data-e-type=\"widget\" data-widget_type=\"button.default\">\n\t\t\t\t<div class=\"elementor-widget-container\">\n\t\t\t\t\t\t\t\t\t<div class=\"elementor-button-wrapper\">\n\t\t\t\t\t<a class=\"elementor-button elementor-button-link elementor-size-sm\" href=\"https:\/\/snvsolutions.ch\/steuerberatung-kmu\/\">\n\t\t\t\t\t\t<span class=\"elementor-button-content-wrapper\">\n\t\t\t\t\t\t\t\t\t<span class=\"elementor-button-text\">Mehr erfahren<\/span>\n\t\t\t\t\t<\/span>\n\t\t\t\t\t<\/a>\n\t\t\t\t<\/div>\n\t\t\t\t\t\t\t\t<\/div>\n\t\t\t\t<\/div>\n\t\t\t\t<\/div>\n\t\t\t\t\t<\/div>\n\t\t\t\t<\/div>\n\t\t\t\t<\/div>\n\t\t","protected":false},"excerpt":{"rendered":"<p>Dienstleistungen Steuerberatung Privatpersonen Die Vielfalt der schweizerischen Steuerrechtsgestaltung erfordert ein umfassendes Wissen in der Besteuerung von Privatpersonen. Mit unseren kompetenten [&hellip;]<\/p>\n","protected":false},"author":1,"featured_media":0,"parent":0,"menu_order":0,"comment_status":"closed","ping_status":"closed","template":"","meta":{"site-sidebar-layout":"no-sidebar","site-content-layout":"","ast-site-content-layout":"full-width-container","site-content-style":"default","site-sidebar-style":"default","ast-global-header-display":"","ast-banner-title-visibility":"","ast-main-header-display":"","ast-hfb-above-header-display":"","ast-hfb-below-header-display":"","ast-hfb-mobile-header-display":"","site-post-title":"disabled","ast-breadcrumbs-content":"","ast-featured-img":"disabled","footer-sml-layout":"","ast-disable-related-posts":"","theme-transparent-header-meta":"","adv-header-id-meta":"","stick-header-meta":"","header-above-stick-meta":"","header-main-stick-meta":"","header-below-stick-meta":"","astra-migrate-meta-layouts":"default","ast-page-background-enabled":"default","ast-page-background-meta":{"desktop":{"background-color":"var(--ast-global-color-5)","background-image":"","background-repeat":"repeat","background-position":"center center","background-size":"auto","background-attachment":"scroll","background-type":"","background-media":"","overlay-type":"","overlay-color":"","overlay-opacity":"","overlay-gradient":""},"tablet":{"background-color":"","background-image":"","background-repeat":"repeat","background-position":"center center","background-size":"auto","background-attachment":"scroll","background-type":"","background-media":"","overlay-type":"","overlay-color":"","overlay-opacity":"","overlay-gradient":""},"mobile":{"background-color":"","background-image":"","background-repeat":"repeat","background-position":"center center","background-size":"auto","background-attachment":"scroll","background-type":"","background-media":"","overlay-type":"","overlay-color":"","overlay-opacity":"","overlay-gradient":""}},"ast-content-background-meta":{"desktop":{"background-color":"var(--ast-global-color-4)","background-image":"","background-repeat":"repeat","background-position":"center center","background-size":"auto","background-attachment":"scroll","background-type":"","background-media":"","overlay-type":"","overlay-color":"","overlay-opacity":"","overlay-gradient":""},"tablet":{"background-color":"var(--ast-global-color-4)","background-image":"","background-repeat":"repeat","background-position":"center center","background-size":"auto","background-attachment":"scroll","background-type":"","background-media":"","overlay-type":"","overlay-color":"","overlay-opacity":"","overlay-gradient":""},"mobile":{"background-color":"var(--ast-global-color-4)","background-image":"","background-repeat":"repeat","background-position":"center center","background-size":"auto","background-attachment":"scroll","background-type":"","background-media":"","overlay-type":"","overlay-color":"","overlay-opacity":"","overlay-gradient":""}},"footnotes":""},"class_list":["post-3888","page","type-page","status-publish","hentry"],"_links":{"self":[{"href":"https:\/\/snvsolutions.ch\/de\/wp-json\/wp\/v2\/pages\/3888","targetHints":{"allow":["GET"]}}],"collection":[{"href":"https:\/\/snvsolutions.ch\/de\/wp-json\/wp\/v2\/pages"}],"about":[{"href":"https:\/\/snvsolutions.ch\/de\/wp-json\/wp\/v2\/types\/page"}],"author":[{"embeddable":true,"href":"https:\/\/snvsolutions.ch\/de\/wp-json\/wp\/v2\/users\/1"}],"replies":[{"embeddable":true,"href":"https:\/\/snvsolutions.ch\/de\/wp-json\/wp\/v2\/comments?post=3888"}],"version-history":[{"count":59,"href":"https:\/\/snvsolutions.ch\/de\/wp-json\/wp\/v2\/pages\/3888\/revisions"}],"predecessor-version":[{"id":5456,"href":"https:\/\/snvsolutions.ch\/de\/wp-json\/wp\/v2\/pages\/3888\/revisions\/5456"}],"wp:attachment":[{"href":"https:\/\/snvsolutions.ch\/de\/wp-json\/wp\/v2\/media?parent=3888"}],"curies":[{"name":"wp","href":"https:\/\/api.w.org\/{rel}","templated":true}]}}