{"id":3119,"date":"2025-11-03T19:03:36","date_gmt":"2025-11-03T18:03:36","guid":{"rendered":"https:\/\/snvsolutions.ch\/?page_id=3119"},"modified":"2026-02-08T14:31:59","modified_gmt":"2026-02-08T13:31:59","slug":"ueber-uns-treuhand","status":"publish","type":"page","link":"https:\/\/snvsolutions.ch\/de\/ueber-uns-treuhand\/","title":{"rendered":"\u00dcber uns UNIQUE"},"content":{"rendered":"\t\t<div data-elementor-type=\"wp-page\" data-elementor-id=\"3119\" class=\"elementor elementor-3119\">\n\t\t\t\t<div class=\"elementor-element elementor-element-4c38628 e-flex e-con-boxed e-con e-parent\" data-id=\"4c38628\" data-element_type=\"container\" data-e-type=\"container\">\n\t\t\t\t\t<div class=\"e-con-inner\">\n\t\t<div class=\"elementor-element elementor-element-87082de e-con-full e-flex e-con e-child\" data-id=\"87082de\" data-element_type=\"container\" data-e-type=\"container\">\n\t\t\t\t<div class=\"elementor-element elementor-element-51d621f elementor-widget elementor-widget-image\" data-id=\"51d621f\" data-element_type=\"widget\" data-e-type=\"widget\" data-widget_type=\"image.default\">\n\t\t\t\t<div class=\"elementor-widget-container\">\n\t\t\t\t\t\t\t\t\t\t\t\t\t\t\t<img fetchpriority=\"high\" decoding=\"async\" width=\"1024\" height=\"683\" src=\"https:\/\/snvsolutions.ch\/wp-content\/uploads\/2025\/04\/BERATUNG-2-1024x683.jpg\" class=\"attachment-large size-large wp-image-717\" alt=\"\" srcset=\"https:\/\/snvsolutions.ch\/wp-content\/uploads\/2025\/04\/BERATUNG-2-1024x683.jpg 1024w, https:\/\/snvsolutions.ch\/wp-content\/uploads\/2025\/04\/BERATUNG-2-600x400.jpg 600w, https:\/\/snvsolutions.ch\/wp-content\/uploads\/2025\/04\/BERATUNG-2-300x200.jpg 300w, https:\/\/snvsolutions.ch\/wp-content\/uploads\/2025\/04\/BERATUNG-2-768x512.jpg 768w, https:\/\/snvsolutions.ch\/wp-content\/uploads\/2025\/04\/BERATUNG-2.jpg 1380w\" sizes=\"(max-width: 1024px) 100vw, 1024px\" \/>\t\t\t\t\t\t\t\t\t\t\t\t\t\t\t<\/div>\n\t\t\t\t<\/div>\n\t\t\t\t<\/div>\n\t\t<div class=\"elementor-element elementor-element-93451eb e-con-full e-flex e-con e-child\" data-id=\"93451eb\" data-element_type=\"container\" data-e-type=\"container\">\n\t\t\t\t<div class=\"elementor-element elementor-element-b1f207f elementor-widget elementor-widget-text-editor\" data-id=\"b1f207f\" data-element_type=\"widget\" data-e-type=\"widget\" data-widget_type=\"text-editor.default\">\n\t\t\t\t<div class=\"elementor-widget-container\">\n\t\t\t\t\t\t\t\t\t<strong>W<\/strong>ir von UNIQUE Treuhand stehen f\u00fcr Spitzen\u00adleistung mit dem gewissen Etwas. In jedem unserer T\u00e4tigkeits\u00adfelder legen wir grossen Wert auf \u00fcber\u00addurchschnittliche Qualit\u00e4t und einen gehobenen Standard \u2013 damit Sie sich entspannt zur\u00fccklehnen k\u00f6nnen und sich ganz auf Ihr Kerngesch\u00e4ft oder Ihre privaten Ziele konzentrieren d\u00fcrfen. Unser Anspruch ist es, nicht einfach Dienst\u00adleistung zu erbringen \u2013 sondern echte Partnerschaft zu leben.\t\t\t\t\t\t\t\t<\/div>\n\t\t\t\t<\/div>\n\t\t\t\t<\/div>\n\t\t\t\t\t<\/div>\n\t\t\t\t<\/div>\n\t\t<div class=\"elementor-element elementor-element-e7a6f3e e-flex e-con-boxed e-con e-parent\" data-id=\"e7a6f3e\" data-element_type=\"container\" data-e-type=\"container\">\n\t\t\t\t\t<div class=\"e-con-inner\">\n\t\t<div class=\"elementor-element elementor-element-4f7df07 e-con-full e-flex e-con e-child\" data-id=\"4f7df07\" data-element_type=\"container\" data-e-type=\"container\">\n\t\t\t\t<div class=\"elementor-element elementor-element-9cb5ce7 elementor-widget elementor-widget-text-editor\" data-id=\"9cb5ce7\" data-element_type=\"widget\" data-e-type=\"widget\" data-widget_type=\"text-editor.default\">\n\t\t\t\t<div class=\"elementor-widget-container\">\n\t\t\t\t\t\t\t\t\t<strong>U<\/strong>nser Team verbindet fach\u00adlich fundierte Expertise mit echter Freude an der Arbeit. Ob Buchf\u00fchrung, Lohn\u00adadministration, Steuer\u00adberatung oder spezialisierte Themen wie die IOSS-Regelung f\u00fcr Fern\u00adverk\u00e4ufe \u2013 wir sehen uns als zuverl\u00e4ssige Begleiter f\u00fcr KMU, Start-ups und Privat\u00adpersonen gleicher\u00admassen. Dabei geht es nicht nur um Zahlen und Abschl\u00fcsse, sondern darum, gemeinsam erfolgreich zu sein.<br data-start=\"974\" data-end=\"977\" \/>Unsere Mandantinnen und Mandanten sch\u00e4tzen uns nicht nur f\u00fcr unsere Fach\u00adkompetenz, sondern f\u00fcr das echte Engagement, mit dem wir ihre Anliegen verstehen, L\u00f6sungen entwickeln und umsetzen. Denn wir wissen: Nur wer mit Freude und Herz bei der Sache ist, kann \u00fcber\u00addurchschnittliche Ergebnisse erzielen.\t\t\t\t\t\t\t\t<\/div>\n\t\t\t\t<\/div>\n\t\t\t\t<\/div>\n\t\t<div class=\"elementor-element elementor-element-67a4bf9 e-con-full e-flex e-con e-child\" data-id=\"67a4bf9\" data-element_type=\"container\" data-e-type=\"container\">\n\t\t\t\t<div class=\"elementor-element elementor-element-2ee4517 elementor-widget elementor-widget-image\" data-id=\"2ee4517\" data-element_type=\"widget\" data-e-type=\"widget\" data-widget_type=\"image.default\">\n\t\t\t\t<div class=\"elementor-widget-container\">\n\t\t\t\t\t\t\t\t\t\t\t\t\t\t\t<img decoding=\"async\" width=\"1024\" height=\"652\" src=\"https:\/\/snvsolutions.ch\/wp-content\/uploads\/2025\/10\/Lohnbuchhaltung-1024x652.webp\" class=\"attachment-large size-large wp-image-2176\" alt=\"\" srcset=\"https:\/\/snvsolutions.ch\/wp-content\/uploads\/2025\/10\/Lohnbuchhaltung-1024x652.webp 1024w, https:\/\/snvsolutions.ch\/wp-content\/uploads\/2025\/10\/Lohnbuchhaltung-600x382.webp 600w, https:\/\/snvsolutions.ch\/wp-content\/uploads\/2025\/10\/Lohnbuchhaltung-300x191.webp 300w, https:\/\/snvsolutions.ch\/wp-content\/uploads\/2025\/10\/Lohnbuchhaltung-768x489.webp 768w, https:\/\/snvsolutions.ch\/wp-content\/uploads\/2025\/10\/Lohnbuchhaltung-1536x977.webp 1536w, https:\/\/snvsolutions.ch\/wp-content\/uploads\/2025\/10\/Lohnbuchhaltung-2048x1303.webp 2048w\" sizes=\"(max-width: 1024px) 100vw, 1024px\" \/>\t\t\t\t\t\t\t\t\t\t\t\t\t\t\t<\/div>\n\t\t\t\t<\/div>\n\t\t\t\t<\/div>\n\t\t\t\t\t<\/div>\n\t\t\t\t<\/div>\n\t\t<div class=\"elementor-element elementor-element-37d9104 e-flex e-con-boxed e-con e-parent\" data-id=\"37d9104\" data-element_type=\"container\" data-e-type=\"container\">\n\t\t\t\t\t<div class=\"e-con-inner\">\n\t\t<div class=\"elementor-element elementor-element-fd584c8 e-con-full e-flex e-con e-child\" data-id=\"fd584c8\" data-element_type=\"container\" data-e-type=\"container\">\n\t\t\t\t<div class=\"elementor-element elementor-element-eef5084 elementor-widget elementor-widget-image\" data-id=\"eef5084\" data-element_type=\"widget\" data-e-type=\"widget\" data-widget_type=\"image.default\">\n\t\t\t\t<div class=\"elementor-widget-container\">\n\t\t\t\t\t\t\t\t\t\t\t\t\t\t\t<img decoding=\"async\" width=\"1000\" height=\"667\" src=\"https:\/\/snvsolutions.ch\/wp-content\/uploads\/2025\/10\/Steuerberatung-Privatpersonen.jpg\" class=\"attachment-large size-large wp-image-2180\" alt=\"\" srcset=\"https:\/\/snvsolutions.ch\/wp-content\/uploads\/2025\/10\/Steuerberatung-Privatpersonen.jpg 1000w, https:\/\/snvsolutions.ch\/wp-content\/uploads\/2025\/10\/Steuerberatung-Privatpersonen-600x400.jpg 600w, https:\/\/snvsolutions.ch\/wp-content\/uploads\/2025\/10\/Steuerberatung-Privatpersonen-300x200.jpg 300w, https:\/\/snvsolutions.ch\/wp-content\/uploads\/2025\/10\/Steuerberatung-Privatpersonen-768x512.jpg 768w\" sizes=\"(max-width: 1000px) 100vw, 1000px\" \/>\t\t\t\t\t\t\t\t\t\t\t\t\t\t\t<\/div>\n\t\t\t\t<\/div>\n\t\t\t\t<\/div>\n\t\t<div class=\"elementor-element elementor-element-708396c e-con-full e-flex e-con e-child\" data-id=\"708396c\" data-element_type=\"container\" data-e-type=\"container\">\n\t\t\t\t<div class=\"elementor-element elementor-element-1506a31 elementor-widget elementor-widget-text-editor\" data-id=\"1506a31\" data-element_type=\"widget\" data-e-type=\"widget\" data-widget_type=\"text-editor.default\">\n\t\t\t\t<div class=\"elementor-widget-container\">\n\t\t\t\t\t\t\t\t\t<strong>W<\/strong>ir glauben fest daran, dass langfristige Zusammenarbeit und Vertrauen die Basis jeder erfolgreichen Mandats\u00adbeziehung sind. Aus diesem Grund arbeiten wir in einem best\u00e4ndigen, motivierten Team mit starkem Zusammenhalt. Wir unterst\u00fctzen einander, tauschen Wissen aus, entwickeln uns weiter \u2013 und bringen diese Energie in Ihre Projekte ein. Ihr Erfolg ist unser gemeinsames Ziel \u2013 und daf\u00fcr gehen wir gerne mit voller Kraft voran.\t\t\t\t\t\t\t\t<\/div>\n\t\t\t\t<\/div>\n\t\t\t\t<\/div>\n\t\t\t\t\t<\/div>\n\t\t\t\t<\/div>\n\t\t<div class=\"elementor-element elementor-element-dae8c4e e-flex e-con-boxed e-con e-parent\" data-id=\"dae8c4e\" data-element_type=\"container\" data-e-type=\"container\">\n\t\t\t\t\t<div class=\"e-con-inner\">\n\t\t<div class=\"elementor-element elementor-element-8887d4e e-con-full e-flex e-con e-child\" data-id=\"8887d4e\" data-element_type=\"container\" data-e-type=\"container\">\n\t\t\t\t<div class=\"elementor-element elementor-element-4b28fc3 elementor-widget elementor-widget-text-editor\" data-id=\"4b28fc3\" data-element_type=\"widget\" data-e-type=\"widget\" data-widget_type=\"text-editor.default\">\n\t\t\t\t<div class=\"elementor-widget-container\">\n\t\t\t\t\t\t\t\t\t<p><strong>U<\/strong>nsere Philosophie lautet: Massgeschneiderte L\u00f6sungen statt Standard\u00adpakete. Jeder Mandant, jedes Unternehmen, jede Situation ist individuell. Deshalb nehmen wir uns Zeit \u2013 f\u00fcr ein erstes, unverbindliches Gespr\u00e4ch, f\u00fcr eine gr\u00fcndliche Analyse, f\u00fcr eine passgenaue L\u00f6sung. Dabei behalten wir stets den \u00dcberblick \u00fcber Ihre steuerlichen, finanziellen und administrativen Anforderungen \u2013 damit Sie sich auf das Wesentliche konzentrieren k\u00f6nnen.<br \/>Und weil wir Qualit\u00e4t als ganzheitliches Versprechen verstehen, legen wir Wert auf transparente Kommunikation, Termin\u00adtreue, fach\u00adliche Weitsicht und menschliche N\u00e4he. Unsere Mandantinnen und Mandanten sollen nicht nur zufrieden sein \u2013 sie sollen unsere Arbeit mit Freude erleben.<\/p>\t\t\t\t\t\t\t\t<\/div>\n\t\t\t\t<\/div>\n\t\t\t\t<\/div>\n\t\t<div class=\"elementor-element elementor-element-e3e9404 e-con-full e-flex e-con e-child\" data-id=\"e3e9404\" data-element_type=\"container\" data-e-type=\"container\">\n\t\t\t\t<div class=\"elementor-element elementor-element-c27b86d elementor-widget elementor-widget-image\" data-id=\"c27b86d\" data-element_type=\"widget\" data-e-type=\"widget\" data-widget_type=\"image.default\">\n\t\t\t\t<div class=\"elementor-widget-container\">\n\t\t\t\t\t\t\t\t\t\t\t\t\t\t\t<img loading=\"lazy\" decoding=\"async\" width=\"436\" height=\"275\" src=\"https:\/\/snvsolutions.ch\/wp-content\/uploads\/2025\/10\/Buchfuehrung.jpg\" class=\"attachment-large size-large wp-image-2208\" alt=\"\" srcset=\"https:\/\/snvsolutions.ch\/wp-content\/uploads\/2025\/10\/Buchfuehrung.jpg 436w, https:\/\/snvsolutions.ch\/wp-content\/uploads\/2025\/10\/Buchfuehrung-300x189.jpg 300w\" sizes=\"(max-width: 436px) 100vw, 436px\" \/>\t\t\t\t\t\t\t\t\t\t\t\t\t\t\t<\/div>\n\t\t\t\t<\/div>\n\t\t\t\t<\/div>\n\t\t\t\t\t<\/div>\n\t\t\t\t<\/div>\n\t\t<div class=\"elementor-element elementor-element-bb44239 e-flex e-con-boxed e-con e-parent\" data-id=\"bb44239\" data-element_type=\"container\" data-e-type=\"container\">\n\t\t\t\t\t<div class=\"e-con-inner\">\n\t\t<div class=\"elementor-element elementor-element-420a82f e-con-full e-flex e-con e-child\" data-id=\"420a82f\" data-element_type=\"container\" data-e-type=\"container\">\n\t\t\t\t<div class=\"elementor-element elementor-element-51fb475 elementor-widget elementor-widget-image\" data-id=\"51fb475\" data-element_type=\"widget\" data-e-type=\"widget\" data-widget_type=\"image.default\">\n\t\t\t\t<div class=\"elementor-widget-container\">\n\t\t\t\t\t\t\t\t\t\t\t\t\t\t\t<img loading=\"lazy\" decoding=\"async\" width=\"1024\" height=\"673\" src=\"https:\/\/snvsolutions.ch\/wp-content\/uploads\/2025\/10\/Steuerberatung-Privatpersonen1-1024x673.jpg\" class=\"attachment-large size-large wp-image-2181\" alt=\"\" srcset=\"https:\/\/snvsolutions.ch\/wp-content\/uploads\/2025\/10\/Steuerberatung-Privatpersonen1-1024x673.jpg 1024w, https:\/\/snvsolutions.ch\/wp-content\/uploads\/2025\/10\/Steuerberatung-Privatpersonen1-600x394.jpg 600w, https:\/\/snvsolutions.ch\/wp-content\/uploads\/2025\/10\/Steuerberatung-Privatpersonen1-300x197.jpg 300w, https:\/\/snvsolutions.ch\/wp-content\/uploads\/2025\/10\/Steuerberatung-Privatpersonen1-768x505.jpg 768w, https:\/\/snvsolutions.ch\/wp-content\/uploads\/2025\/10\/Steuerberatung-Privatpersonen1-1536x1009.jpg 1536w, https:\/\/snvsolutions.ch\/wp-content\/uploads\/2025\/10\/Steuerberatung-Privatpersonen1.jpg 1709w\" sizes=\"(max-width: 1024px) 100vw, 1024px\" \/>\t\t\t\t\t\t\t\t\t\t\t\t\t\t\t<\/div>\n\t\t\t\t<\/div>\n\t\t\t\t<\/div>\n\t\t<div class=\"elementor-element elementor-element-5cd7f09 e-con-full e-flex e-con e-child\" data-id=\"5cd7f09\" data-element_type=\"container\" data-e-type=\"container\">\n\t\t\t\t<div class=\"elementor-element elementor-element-437dfa9 elementor-widget elementor-widget-text-editor\" data-id=\"437dfa9\" data-element_type=\"widget\" data-e-type=\"widget\" data-widget_type=\"text-editor.default\">\n\t\t\t\t<div class=\"elementor-widget-container\">\n\t\t\t\t\t\t\t\t\t<strong>W<\/strong>ir freuen uns darauf, auch Sie in unserer Mandats\u00adfamilie willkommen zu heissen. Erleben Sie, wie wir Ihre Anliegen mit Leidenschaft, Pr\u00e4zision und dem Anspruch auf Premium\u00adqualit\u00e4t betreuen. Denn nichts ist uns wichtiger, als Ihre Freude an unserer Arbeit.\t\t\t\t\t\t\t\t<\/div>\n\t\t\t\t<\/div>\n\t\t\t\t<\/div>\n\t\t\t\t\t<\/div>\n\t\t\t\t<\/div>\n\t\t\t\t<\/div>\n\t\t","protected":false},"excerpt":{"rendered":"<p>Wir von UNIQUE Treuhand stehen f\u00fcr Spitzen\u00adleistung mit dem gewissen Etwas. In jedem unserer T\u00e4tigkeits\u00adfelder legen wir grossen Wert auf [&hellip;]<\/p>\n","protected":false},"author":1,"featured_media":0,"parent":0,"menu_order":0,"comment_status":"closed","ping_status":"closed","template":"","meta":{"site-sidebar-layout":"no-sidebar","site-content-layout":"","ast-site-content-layout":"full-width-container","site-content-style":"default","site-sidebar-style":"default","ast-global-header-display":"","ast-banner-title-visibility":"","ast-main-header-display":"","ast-hfb-above-header-display":"","ast-hfb-below-header-display":"","ast-hfb-mobile-header-display":"","site-post-title":"disabled","ast-breadcrumbs-content":"","ast-featured-img":"disabled","footer-sml-layout":"","ast-disable-related-posts":"","theme-transparent-header-meta":"","adv-header-id-meta":"","stick-header-meta":"","header-above-stick-meta":"","header-main-stick-meta":"","header-below-stick-meta":"","astra-migrate-meta-layouts":"default","ast-page-background-enabled":"default","ast-page-background-meta":{"desktop":{"background-color":"var(--ast-global-color-5)","background-image":"","background-repeat":"repeat","background-position":"center center","background-size":"auto","background-attachment":"scroll","background-type":"","background-media":"","overlay-type":"","overlay-color":"","overlay-opacity":"","overlay-gradient":""},"tablet":{"background-color":"","background-image":"","background-repeat":"repeat","background-position":"center center","background-size":"auto","background-attachment":"scroll","background-type":"","background-media":"","overlay-type":"","overlay-color":"","overlay-opacity":"","overlay-gradient":""},"mobile":{"background-color":"","background-image":"","background-repeat":"repeat","background-position":"center center","background-size":"auto","background-attachment":"scroll","background-type":"","background-media":"","overlay-type":"","overlay-color":"","overlay-opacity":"","overlay-gradient":""}},"ast-content-background-meta":{"desktop":{"background-color":"var(--ast-global-color-4)","background-image":"","background-repeat":"repeat","background-position":"center center","background-size":"auto","background-attachment":"scroll","background-type":"","background-media":"","overlay-type":"","overlay-color":"","overlay-opacity":"","overlay-gradient":""},"tablet":{"background-color":"var(--ast-global-color-4)","background-image":"","background-repeat":"repeat","background-position":"center center","background-size":"auto","background-attachment":"scroll","background-type":"","background-media":"","overlay-type":"","overlay-color":"","overlay-opacity":"","overlay-gradient":""},"mobile":{"background-color":"var(--ast-global-color-4)","background-image":"","background-repeat":"repeat","background-position":"center center","background-size":"auto","background-attachment":"scroll","background-type":"","background-media":"","overlay-type":"","overlay-color":"","overlay-opacity":"","overlay-gradient":""}},"footnotes":""},"class_list":["post-3119","page","type-page","status-publish","hentry"],"_links":{"self":[{"href":"https:\/\/snvsolutions.ch\/de\/wp-json\/wp\/v2\/pages\/3119","targetHints":{"allow":["GET"]}}],"collection":[{"href":"https:\/\/snvsolutions.ch\/de\/wp-json\/wp\/v2\/pages"}],"about":[{"href":"https:\/\/snvsolutions.ch\/de\/wp-json\/wp\/v2\/types\/page"}],"author":[{"embeddable":true,"href":"https:\/\/snvsolutions.ch\/de\/wp-json\/wp\/v2\/users\/1"}],"replies":[{"embeddable":true,"href":"https:\/\/snvsolutions.ch\/de\/wp-json\/wp\/v2\/comments?post=3119"}],"version-history":[{"count":43,"href":"https:\/\/snvsolutions.ch\/de\/wp-json\/wp\/v2\/pages\/3119\/revisions"}],"predecessor-version":[{"id":5459,"href":"https:\/\/snvsolutions.ch\/de\/wp-json\/wp\/v2\/pages\/3119\/revisions\/5459"}],"wp:attachment":[{"href":"https:\/\/snvsolutions.ch\/de\/wp-json\/wp\/v2\/media?parent=3119"}],"curies":[{"name":"wp","href":"https:\/\/api.w.org\/{rel}","templated":true}]}}