{"id":1514,"date":"2025-05-09T14:58:00","date_gmt":"2025-05-09T12:58:00","guid":{"rendered":"https:\/\/snvsolutions.ch\/?page_id=1514"},"modified":"2025-10-25T15:44:09","modified_gmt":"2025-10-25T13:44:09","slug":"hlks","status":"publish","type":"page","link":"https:\/\/snvsolutions.ch\/de\/hlks\/","title":{"rendered":"HLKS"},"content":{"rendered":"\t\t<div data-elementor-type=\"wp-page\" data-elementor-id=\"1514\" class=\"elementor elementor-1514\">\n\t\t\t\t<div class=\"elementor-element elementor-element-0b90cd6 e-flex e-con-boxed e-con e-parent\" data-id=\"0b90cd6\" data-element_type=\"container\" data-e-type=\"container\" data-settings=\"{&quot;background_background&quot;:&quot;classic&quot;}\">\n\t\t\t\t\t<div class=\"e-con-inner\">\n\t\t\t\t<div class=\"elementor-element elementor-element-1a65428 elementor-widget elementor-widget-heading\" data-id=\"1a65428\" data-element_type=\"widget\" data-e-type=\"widget\" data-widget_type=\"heading.default\">\n\t\t\t\t<div class=\"elementor-widget-container\">\n\t\t\t\t\t<h2 class=\"elementor-heading-title elementor-size-default\">HLKS<\/h2>\t\t\t\t<\/div>\n\t\t\t\t<\/div>\n\t\t\t\t\t<\/div>\n\t\t\t\t<\/div>\n\t\t<div class=\"elementor-element elementor-element-ea298dd e-flex e-con-boxed e-con e-parent\" data-id=\"ea298dd\" data-element_type=\"container\" data-e-type=\"container\">\n\t\t\t\t\t<div class=\"e-con-inner\">\n\t\t\t\t<div class=\"elementor-element elementor-element-893ca52 elementor-widget elementor-widget-image\" data-id=\"893ca52\" data-element_type=\"widget\" data-e-type=\"widget\" data-widget_type=\"image.default\">\n\t\t\t\t<div class=\"elementor-widget-container\">\n\t\t\t\t\t\t\t\t\t\t\t\t\t\t\t<img fetchpriority=\"high\" decoding=\"async\" width=\"910\" height=\"607\" src=\"https:\/\/snvsolutions.ch\/wp-content\/uploads\/2025\/05\/architecture-steel-mill-factory-building-old.jpg\" class=\"attachment-full size-full wp-image-1517\" alt=\"\" srcset=\"https:\/\/snvsolutions.ch\/wp-content\/uploads\/2025\/05\/architecture-steel-mill-factory-building-old.jpg 910w, https:\/\/snvsolutions.ch\/wp-content\/uploads\/2025\/05\/architecture-steel-mill-factory-building-old-600x400.jpg 600w, https:\/\/snvsolutions.ch\/wp-content\/uploads\/2025\/05\/architecture-steel-mill-factory-building-old-300x200.jpg 300w, https:\/\/snvsolutions.ch\/wp-content\/uploads\/2025\/05\/architecture-steel-mill-factory-building-old-768x512.jpg 768w\" sizes=\"(max-width: 910px) 100vw, 910px\" \/>\t\t\t\t\t\t\t\t\t\t\t\t\t\t\t<\/div>\n\t\t\t\t<\/div>\n\t\t<div class=\"elementor-element elementor-element-37a4bed e-flex e-con-boxed e-con e-child\" data-id=\"37a4bed\" data-element_type=\"container\" data-e-type=\"container\">\n\t\t\t\t\t<div class=\"e-con-inner\">\n\t\t\t\t<div class=\"elementor-element elementor-element-482c3e1 elementor-widget elementor-widget-text-editor\" data-id=\"482c3e1\" data-element_type=\"widget\" data-e-type=\"widget\" data-widget_type=\"text-editor.default\">\n\t\t\t\t<div class=\"elementor-widget-container\">\n\t\t\t\t\t\t\t\t\t<p class=\"\" data-start=\"241\" data-end=\"587\"><strong data-start=\"241\" data-end=\"287\">\u00abTechnik mit System \u2013 HLKS aus einer Hand\u00bb<\/strong><br data-start=\"287\" data-end=\"290\" \/>Unsere Kernkompetenz liegt in der ganzheitlichen Planung und Umsetzung technischer Geb\u00e4udeausr\u00fcstung in den Bereichen Heizung, L\u00fcftung, K\u00e4lte und Sanit\u00e4r. Mit fundierter Fachkenntnis und praxisnaher Erfahrung entwickeln wir effiziente, nachhaltige L\u00f6sungen f\u00fcr Neubauten, Umbauten und Sanierungen.<\/p><p class=\"\" data-start=\"589\" data-end=\"869\">Von der ersten Bedarfsermittlung \u00fcber die Auslegung bis zur Inbetriebnahme begleiten wir Ihre Projekte mit technischem Know-how, hoher Planungssicherheit und klarer Kommunikation. Dabei achten wir auf Wirtschaftlichkeit, Energieeffizienz und eine pr\u00e4zise Abstimmung aller Systeme.<\/p><p class=\"\" data-start=\"871\" data-end=\"1107\">In Zusammenarbeit mit Architekten, Fachplanern und Unternehmern sorgen wir f\u00fcr reibungslose Abl\u00e4ufe \u00fcber alle Projektphasen hinweg. So entsteht Technik, die funktioniert \u2013 durchdacht, zukunftsf\u00e4hig und auf Ihre Anforderungen abgestimmt.<\/p>\t\t\t\t\t\t\t\t<\/div>\n\t\t\t\t<\/div>\n\t\t\t\t\t<\/div>\n\t\t\t\t<\/div>\n\t\t\t\t<div class=\"elementor-element elementor-element-5067474 elementor-widget elementor-widget-image\" data-id=\"5067474\" data-element_type=\"widget\" data-e-type=\"widget\" data-widget_type=\"image.default\">\n\t\t\t\t<div class=\"elementor-widget-container\">\n\t\t\t\t\t\t\t\t\t\t\t\t\t\t\t<img decoding=\"async\" width=\"768\" height=\"432\" src=\"https:\/\/snvsolutions.ch\/wp-content\/uploads\/2025\/05\/gettyimages-2175396537-640x640-1.jpg\" class=\"attachment-large size-large wp-image-1518\" alt=\"\" srcset=\"https:\/\/snvsolutions.ch\/wp-content\/uploads\/2025\/05\/gettyimages-2175396537-640x640-1.jpg 768w, https:\/\/snvsolutions.ch\/wp-content\/uploads\/2025\/05\/gettyimages-2175396537-640x640-1-600x338.jpg 600w, https:\/\/snvsolutions.ch\/wp-content\/uploads\/2025\/05\/gettyimages-2175396537-640x640-1-300x169.jpg 300w\" sizes=\"(max-width: 768px) 100vw, 768px\" \/>\t\t\t\t\t\t\t\t\t\t\t\t\t\t\t<\/div>\n\t\t\t\t<\/div>\n\t\t\t\t\t<\/div>\n\t\t\t\t<\/div>\n\t\t<div class=\"elementor-element elementor-element-78b8904 e-flex e-con-boxed e-con e-parent\" data-id=\"78b8904\" data-element_type=\"container\" data-e-type=\"container\">\n\t\t\t\t\t<div class=\"e-con-inner\">\n\t\t<div class=\"elementor-element elementor-element-669618e e-con-full e-flex e-con e-child\" data-id=\"669618e\" data-element_type=\"container\" data-e-type=\"container\">\n\t\t\t\t<div class=\"elementor-element elementor-element-29ec602 elementor-widget elementor-widget-button\" data-id=\"29ec602\" data-element_type=\"widget\" data-e-type=\"widget\" data-widget_type=\"button.default\">\n\t\t\t\t<div class=\"elementor-widget-container\">\n\t\t\t\t\t\t\t\t\t<div class=\"elementor-button-wrapper\">\n\t\t\t\t\t<a class=\"elementor-button elementor-button-link elementor-size-sm\" href=\"https:\/\/snvsolutions.ch\/snv-solutions\/\">\n\t\t\t\t\t\t<span class=\"elementor-button-content-wrapper\">\n\t\t\t\t\t\t\t\t\t<span class=\"elementor-button-text\">Home<\/span>\n\t\t\t\t\t<\/span>\n\t\t\t\t\t<\/a>\n\t\t\t\t<\/div>\n\t\t\t\t\t\t\t\t<\/div>\n\t\t\t\t<\/div>\n\t\t\t\t<\/div>\n\t\t<div class=\"elementor-element elementor-element-2a85ae6 e-con-full e-flex e-con e-child\" data-id=\"2a85ae6\" data-element_type=\"container\" data-e-type=\"container\">\n\t\t\t\t<div class=\"elementor-element elementor-element-bbbbbdc elementor-align-right elementor-widget elementor-widget-button\" data-id=\"bbbbbdc\" data-element_type=\"widget\" data-e-type=\"widget\" data-widget_type=\"button.default\">\n\t\t\t\t<div class=\"elementor-widget-container\">\n\t\t\t\t\t\t\t\t\t<div class=\"elementor-button-wrapper\">\n\t\t\t\t\t<a class=\"elementor-button elementor-button-link elementor-size-sm\" href=\"https:\/\/snvsolutions.ch\/snv-solutions\/\">\n\t\t\t\t\t\t<span class=\"elementor-button-content-wrapper\">\n\t\t\t\t\t\t\t\t\t<span class=\"elementor-button-text\">Anfrage<\/span>\n\t\t\t\t\t<\/span>\n\t\t\t\t\t<\/a>\n\t\t\t\t<\/div>\n\t\t\t\t\t\t\t\t<\/div>\n\t\t\t\t<\/div>\n\t\t\t\t<\/div>\n\t\t\t\t\t<\/div>\n\t\t\t\t<\/div>\n\t\t\t\t<\/div>\n\t\t","protected":false},"excerpt":{"rendered":"<p>HLKS \u00abTechnik mit System \u2013 HLKS aus einer Hand\u00bbUnsere Kernkompetenz liegt in der ganzheitlichen Planung und Umsetzung technischer Geb\u00e4udeausr\u00fcstung in [&hellip;]<\/p>\n","protected":false},"author":1,"featured_media":0,"parent":0,"menu_order":1,"comment_status":"closed","ping_status":"closed","template":"","meta":{"site-sidebar-layout":"no-sidebar","site-content-layout":"","ast-site-content-layout":"full-width-container","site-content-style":"default","site-sidebar-style":"default","ast-global-header-display":"","ast-banner-title-visibility":"","ast-main-header-display":"","ast-hfb-above-header-display":"","ast-hfb-below-header-display":"","ast-hfb-mobile-header-display":"","site-post-title":"disabled","ast-breadcrumbs-content":"","ast-featured-img":"disabled","footer-sml-layout":"","ast-disable-related-posts":"","theme-transparent-header-meta":"","adv-header-id-meta":"","stick-header-meta":"","header-above-stick-meta":"","header-main-stick-meta":"","header-below-stick-meta":"","astra-migrate-meta-layouts":"default","ast-page-background-enabled":"default","ast-page-background-meta":{"desktop":{"background-color":"var(--ast-global-color-5)","background-image":"","background-repeat":"repeat","background-position":"center center","background-size":"auto","background-attachment":"scroll","background-type":"","background-media":"","overlay-type":"","overlay-color":"","overlay-opacity":"","overlay-gradient":""},"tablet":{"background-color":"","background-image":"","background-repeat":"repeat","background-position":"center center","background-size":"auto","background-attachment":"scroll","background-type":"","background-media":"","overlay-type":"","overlay-color":"","overlay-opacity":"","overlay-gradient":""},"mobile":{"background-color":"","background-image":"","background-repeat":"repeat","background-position":"center center","background-size":"auto","background-attachment":"scroll","background-type":"","background-media":"","overlay-type":"","overlay-color":"","overlay-opacity":"","overlay-gradient":""}},"ast-content-background-meta":{"desktop":{"background-color":"var(--ast-global-color-4)","background-image":"","background-repeat":"repeat","background-position":"center center","background-size":"auto","background-attachment":"scroll","background-type":"","background-media":"","overlay-type":"","overlay-color":"","overlay-opacity":"","overlay-gradient":""},"tablet":{"background-color":"var(--ast-global-color-4)","background-image":"","background-repeat":"repeat","background-position":"center center","background-size":"auto","background-attachment":"scroll","background-type":"","background-media":"","overlay-type":"","overlay-color":"","overlay-opacity":"","overlay-gradient":""},"mobile":{"background-color":"var(--ast-global-color-4)","background-image":"","background-repeat":"repeat","background-position":"center center","background-size":"auto","background-attachment":"scroll","background-type":"","background-media":"","overlay-type":"","overlay-color":"","overlay-opacity":"","overlay-gradient":""}},"footnotes":""},"class_list":["post-1514","page","type-page","status-publish","hentry"],"_links":{"self":[{"href":"https:\/\/snvsolutions.ch\/de\/wp-json\/wp\/v2\/pages\/1514","targetHints":{"allow":["GET"]}}],"collection":[{"href":"https:\/\/snvsolutions.ch\/de\/wp-json\/wp\/v2\/pages"}],"about":[{"href":"https:\/\/snvsolutions.ch\/de\/wp-json\/wp\/v2\/types\/page"}],"author":[{"embeddable":true,"href":"https:\/\/snvsolutions.ch\/de\/wp-json\/wp\/v2\/users\/1"}],"replies":[{"embeddable":true,"href":"https:\/\/snvsolutions.ch\/de\/wp-json\/wp\/v2\/comments?post=1514"}],"version-history":[{"count":31,"href":"https:\/\/snvsolutions.ch\/de\/wp-json\/wp\/v2\/pages\/1514\/revisions"}],"predecessor-version":[{"id":2810,"href":"https:\/\/snvsolutions.ch\/de\/wp-json\/wp\/v2\/pages\/1514\/revisions\/2810"}],"wp:attachment":[{"href":"https:\/\/snvsolutions.ch\/de\/wp-json\/wp\/v2\/media?parent=1514"}],"curies":[{"name":"wp","href":"https:\/\/api.w.org\/{rel}","templated":true}]}}